{"id":1194,"date":"2023-05-16T14:38:10","date_gmt":"2023-05-16T12:38:10","guid":{"rendered":"https:\/\/mondial-travel.com\/about-us\/warum-mondial\/"},"modified":"2026-03-25T10:55:43","modified_gmt":"2026-03-25T09:55:43","slug":"why-mondial","status":"publish","type":"page","link":"https:\/\/mondial-travel.com\/en\/ueber-uns\/why-mondial\/","title":{"rendered":"Why Mondial: What Sets Us Apart"},"content":{"rendered":"","protected":false},"excerpt":{"rendered":"","protected":false},"author":1,"featured_media":1100,"parent":1278,"menu_order":3,"comment_status":"closed","ping_status":"closed","template":"template-default.php","meta":{"_acf_changed":false,"footnotes":""},"class_list":["post-1194","page","type-page","status-publish","has-post-thumbnail","hentry"],"acf":{"meta_description":"","meta_keywords":"","post_image_copyright":"","default_content_layouts":[{"acf_fc_layout":"hero_section","hero_image":1096,"hero_image_copyright":"pixabay_phone","hero_image_subheadline":"Service like it used to be: Since 1966."},{"acf_fc_layout":"default_content_field","default_content_field":"Finding an offer for your customers may be easy, but the art lies in making the right choice. We advise, care for, and mediate, make decisions, and are your trouble shooters. We speak your language and offer you perfect all-round service. With our long-standing contacts with partners all over Europe and a continuously growing network in Central Europe, we stand by your side. Our task is not just to provide destination know-how, but rather to act as your on-site partner, addressing your concerns and fulfilling the needs of your customers.\r\n\r\n&nbsp;\r\n\r\nAdmittedly, we may have booked the wrong room categories six times last year, but we got it right over 300,000 times, successfully serving satisfied customers in Austria, Germany, Hungary, the Czech Republic, and Slovakia."},{"acf_fc_layout":"accordion_dropdown","accordion_dropdown":[{"accordion_headline":"Consulting for your sales success","accordion_image":"","accordion_image_copyright":"","accordion_content":"Our service is not limited to selling trips. We see ourselves as your advisors and, together with you, seize business opportunities in a rapidly growing tourism destination. We consciously leverage our resources to meet the fast-changing challenges in tourism. From online booking capabilities to joint marketing activities, we offer you customized, comprehensive solutions."},{"accordion_headline":"A seamless network in Central Europe","accordion_image":"","accordion_image_copyright":"","accordion_content":"Thanks to continuous development over five decades, we have built an extensive network in Central Europe. With our own offices in Vienna, Baden, Prague, Budapest, and Berlin, we are closely connected to the product, personally acquainted with our service providers, provide on-site support for your guests, and can quickly respond to changes."},{"accordion_headline":"Our employees speak your language","accordion_image":"","accordion_image_copyright":"","accordion_content":"At Mondial, we are a multicultural team of specialists from around the world \u2013 from Andreea, Eleanora, Elisa, Sidney, and Yu-Ying to Wolfgang, Mario, Susanne, and Doris. As a destination management company, we speak your language and understand your customers' needs."},{"accordion_headline":"References","accordion_image":"","accordion_image_copyright":"","accordion_content":"<strong><em>\"YOU ARE WONDERFUL!!!!!!!!!!!!!\u00a0<\/em><\/strong>\r\n\r\n<strong><em>Thank you!<\/em><\/strong>\r\n\r\n<strong><em>I will let ALL my colleagues know about how amazing you and Mondial continue to be!<\/em><\/strong>\r\n\r\n<strong><em>Hope to meet you some day \u2026.\"<\/em><\/strong>\r\n\r\n(Jane Blizzard from Precision Travel \/ Virtuoso Agency, USA)\r\n\r\n&nbsp;\r\n\r\n<em><strong>\"The client's were delighted with every aspect of the tour and had no complaints whatsoever.\u00a0 The tour was a complete success, thanks to you.<\/strong><\/em>\r\n\r\n<em><strong>Thank you for your excellent cooperation, and I hope to work with you again in 2025.\"<\/strong><\/em>\r\n\r\n(Marc Kupper from Direct Travel \/ 16-days tour incl. Berlin, Dresden, Prague, Vienna and Budapest)\r\n\r\n&nbsp;\r\n\r\n<strong><em>\"One thing I must share now and I know Trudy feels the same is the company you used for our private tours in Prague and Budapest.\u00a0 Mondial, was excellent and outstanding and would recommend them for your clients.\"<\/em><\/strong>\r\n\r\n(Sue Nochumson from Travel Destinations, Inc. \/ Signature Agency, USA)\r\n\r\n&nbsp;\r\n\r\n<em><strong><span class=\"wiI7pd\">\"We rely on Mondial every year to organize our overseas trip from Hong Kong to Vienna for a large group, and we couldn't be happier with their service! The agent has been exceptional in recommending and booking fantastic restaurants, museums, and knowledgeable guides. His attention to detail and organizational skills make the entire process seamless and enjoyable. Thanks to Mondial's outstanding service, our trips are consistently a huge success. Thank you for making our adventures unforgettable!\"<\/span><\/strong><\/em>\r\n\r\n(Pia Law from the German Swiss International School, Hongkong)\r\n\r\n&nbsp;\r\n\r\n<em><strong>\"You did a sensational job. To be honest, while we have local partners in Central Europe, none of them could have handled all destinations\u2014and I knew they wouldn\u2019t meet the high expectations Jerry has of MIR based on his past experiences. So, it was a bit of a leap of faith, but from the very beginning, your communication was outstanding. You immediately understood what I needed and delivered with precision. it was YOU who impressed me so much comparing to others, I decided to put my trust in your hands.<\/strong><\/em>\r\n\r\n<em><strong>I\u2019ll make sure our entire MIR team\u2014including the company owners\u2014know what an excellent job you did for us and our client. I\u2019ll also be encouraging everyone to work with you on all four countries moving forward.<\/strong><\/em>\r\n\r\n<em><strong>Special thanks as well to all the guides and drivers involved. I\u2019d truly appreciate it if you could share Jerry\u2019s kind words with them.<\/strong><\/em>\r\n\r\n<em><strong>Thank you for making me look good! I sincerely look forward to working with you more often now that I have full confidence in the exceptional quality of your work.\"<\/strong><\/em>\r\n\r\n(Joanna Millick from MIR Corporation, USA)\r\n\r\n&nbsp;\r\n\r\n<em><strong>\"J\u2019ai longuement discut\u00e9 avec Mme. Nourrit concernant leur s\u00e9jour \u00e0 Vienne et il n\u2019y a qu\u2019un mot \u00e0 dire : les clients ont \u00e9t\u00e9 ENCHANTES !<\/strong><\/em>\r\n\r\n<em><strong>Ils ont beaucoup aim\u00e9 la ville et ils souhaitent vous remercier pour l\u2019organisation parfaite de ce s\u00e9jour.<\/strong><\/em>\r\n<em><strong>Ils ont \u00e9t\u00e9 tr\u00e8s satisfaits des services de la guide et ils font une mention vraiment sp\u00e9ciale pour l\u2019H\u00f4tel Sans Soucis, qui selon Mme. Nourrit m\u00e9riterait largement les 5*.<\/strong><\/em>\r\n\r\n<em><strong>En tout cas, ce fut \u00e9galement un plaisir pour moi de travailler avec vous et j\u2019esp\u00e8re pouvoir vous contacter \u00e0 nouveau rapidement pour un nouveau dossier.\"<\/strong><\/em>\r\n\r\n(Sebastien Heinrich from Exclusive Collection \/ Secret Luxury Travel, France)\r\n\r\n&nbsp;\r\n\r\n<em><strong>Un grand merci pour la confirmation, facture et votre r\u00e9activit\u00e9. Cela a \u00e9t\u00e9 un plaisir que de travailler avec vous. Si tous les r\u00e9ceptifs pouvaient \u00eatre professionnels comme vous\u2026 \ud83d\ude09<\/strong><\/em>\r\n<em><strong>Je vais vous recommander aupr\u00e8s de Tourmag, car j\u2019avais trouv\u00e9 un autre r\u00e9ceptif sur l\u2019Autriche via Tourmag et ils n\u2019ont pas pu r\u00e9pondre \u00e0 notre demande.<\/strong><\/em>\r\n\r\n(Arthur Arakeloff from Succ\u00e8s Voyage \/ Virtuoso Agency, France)\r\n\r\n&nbsp;"}]}],"default_content_gallery":null},"_links":{"self":[{"href":"https:\/\/mondial-travel.com\/en\/wp-json\/wp\/v2\/pages\/1194","targetHints":{"allow":["GET"]}}],"collection":[{"href":"https:\/\/mondial-travel.com\/en\/wp-json\/wp\/v2\/pages"}],"about":[{"href":"https:\/\/mondial-travel.com\/en\/wp-json\/wp\/v2\/types\/page"}],"author":[{"embeddable":true,"href":"https:\/\/mondial-travel.com\/en\/wp-json\/wp\/v2\/users\/1"}],"replies":[{"embeddable":true,"href":"https:\/\/mondial-travel.com\/en\/wp-json\/wp\/v2\/comments?post=1194"}],"version-history":[{"count":13,"href":"https:\/\/mondial-travel.com\/en\/wp-json\/wp\/v2\/pages\/1194\/revisions"}],"predecessor-version":[{"id":2045,"href":"https:\/\/mondial-travel.com\/en\/wp-json\/wp\/v2\/pages\/1194\/revisions\/2045"}],"up":[{"embeddable":true,"href":"https:\/\/mondial-travel.com\/en\/wp-json\/wp\/v2\/pages\/1278"}],"wp:featuredmedia":[{"embeddable":true,"href":"https:\/\/mondial-travel.com\/en\/wp-json\/wp\/v2\/media\/1100"}],"wp:attachment":[{"href":"https:\/\/mondial-travel.com\/en\/wp-json\/wp\/v2\/media?parent=1194"}],"curies":[{"name":"wp","href":"https:\/\/api.w.org\/{rel}","templated":true}]}}